{"id":946,"date":"2022-06-10T14:14:49","date_gmt":"2022-06-10T12:14:49","guid":{"rendered":"https:\/\/www.covi.com\/our-brands\/"},"modified":"2022-06-24T18:37:42","modified_gmt":"2022-06-24T16:37:42","slug":"our-brands","status":"publish","type":"page","link":"https:\/\/www.covi.com\/en\/our-brands\/","title":{"rendered":"Our brands"},"content":{"rendered":"<div class=\"wpb-content-wrapper\"><p>[vc_row unlock_row_content=&#8221;yes&#8221; row_height_percent=&#8221;0&#8243; override_padding=&#8221;yes&#8221; h_padding=&#8221;0&#8243; top_padding=&#8221;0&#8243; bottom_padding=&#8221;0&#8243; overlay_alpha=&#8221;50&#8243; equal_height=&#8221;yes&#8221; gutter_size=&#8221;0&#8243; column_width_percent=&#8221;100&#8243; shift_y=&#8221;0&#8243; z_index=&#8221;0&#8243; uncode_shortcode_id=&#8221;721814&#8243; el_class=&#8221;bandeau-page&#8221; row_height_pixel=&#8221;500&#8243;][vc_column column_width_percent=&#8221;100&#8243; position_horizontal=&#8221;right&#8221; position_vertical=&#8221;middle&#8221; align_horizontal=&#8221;align_right&#8221; gutter_size=&#8221;3&#8243; style=&#8221;dark&#8221; back_image=&#8221;80&#8243; back_repeat=&#8221;no-repeat&#8221; back_position=&#8221;center center&#8221; overlay_color=&#8221;color-21252A&#8221; overlay_alpha=&#8221;90&#8243; shift_x=&#8221;0&#8243; shift_y=&#8221;0&#8243; shift_y_down=&#8221;0&#8243; z_index=&#8221;0&#8243; medium_width=&#8221;0&#8243; mobile_width=&#8221;0&#8243; width=&#8221;1\/2&#8243; uncode_shortcode_id=&#8221;531130&#8243; overlay_color_type=&#8221;uncode-palette&#8221; back_size=&#8221;cover&#8221;][vc_custom_heading heading_semantic=&#8221;h1&#8243; text_transform=&#8221;uppercase&#8221; text_height=&#8221;fontheight-1-3&#8243; uncode_shortcode_id=&#8221;382975&#8243; el_class=&#8221;titre-contour titre-metal&#8221;]<em>COVI Group<br \/>\n<\/em><strong>Our brands<\/strong>[\/vc_custom_heading][\/vc_column][vc_column column_width_use_pixel=&#8221;yes&#8221; position_horizontal=&#8221;left&#8221; position_vertical=&#8221;middle&#8221; gutter_size=&#8221;3&#8243; override_padding=&#8221;yes&#8221; column_padding=&#8221;3&#8243; back_image=&#8221;78&#8243; back_repeat=&#8221;no-repeat&#8221; back_position=&#8221;center center&#8221; overlay_alpha=&#8221;100&#8243; shift_x=&#8221;0&#8243; shift_y=&#8221;0&#8243; shift_y_down=&#8221;0&#8243; z_index=&#8221;0&#8243; medium_width=&#8221;0&#8243; mobile_width=&#8221;0&#8243; width=&#8221;1\/2&#8243; uncode_shortcode_id=&#8221;832172&#8243; back_size=&#8221;cover&#8221; overlay_color_type=&#8221;uncode-gradient&#8221; overlay_color_gradient=&#8221;{&#8220;css&#8220;:&#8220;background: linear-gradient(to right , rgba(255, 255, 255, 0.8) , rgba(255, 255, 255, 0.4) 94%);&#8220;,&#8220;sliders&#8220;:`{`{&#8220;color&#8220;:&#8220;rgba(255, 255, 255, 0.8)&#8220;,&#8220;position&#8220;:0},{&#8220;color&#8220;:&#8220;rgba(255, 255, 255, 0.4)&#8220;,&#8220;position&#8220;:94}`}`,&#8220;type&#8220;:&#8220;linear&#8220;,&#8220;direction&#8220;:&#8220;left&#8220;}&#8221; column_width_pixel=&#8221;500&#8243;][vc_column_text text_lead=&#8221;yes&#8221; uncode_shortcode_id=&#8221;111479&#8243;]Our own brands are the product of our company&#8217;s history and provide varied and delicious ranges.[\/vc_column_text][\/vc_column][\/vc_row][vc_row unlock_row_content=&#8221;yes&#8221; row_height_percent=&#8221;0&#8243; override_padding=&#8221;yes&#8221; h_padding=&#8221;0&#8243; top_padding=&#8221;0&#8243; bottom_padding=&#8221;0&#8243; overlay_alpha=&#8221;50&#8243; gutter_size=&#8221;3&#8243; column_width_percent=&#8221;100&#8243; shift_y=&#8221;0&#8243; z_index=&#8221;0&#8243; uncode_shortcode_id=&#8221;124022&#8243; el_class=&#8221;row-savoirs row-marques&#8221;][vc_column column_width_percent=&#8221;100&#8243; align_horizontal=&#8221;align_center&#8221; gutter_size=&#8221;0&#8243; overlay_alpha=&#8221;50&#8243; shift_x=&#8221;0&#8243; shift_y=&#8221;0&#8243; shift_y_down=&#8221;0&#8243; z_index=&#8221;0&#8243; medium_width=&#8221;0&#8243; mobile_width=&#8221;0&#8243; width=&#8221;1\/1&#8243; uncode_shortcode_id=&#8221;119195&#8243;][vc_row_inner row_inner_height_percent=&#8221;0&#8243; back_color=&#8221;color-130413&#8243; back_image=&#8221;214&#8243; back_repeat=&#8221;no-repeat&#8221; back_position=&#8221;left center&#8221; overlay_alpha=&#8221;50&#8243; gutter_size=&#8221;3&#8243; shift_y=&#8221;0&#8243; z_index=&#8221;0&#8243; uncode_shortcode_id=&#8221;170574&#8243; back_color_type=&#8221;uncode-palette&#8221; back_size=&#8221;auto&#8221; limit_content=&#8221;&#8221;][vc_column_inner column_width_use_pixel=&#8221;yes&#8221; align_horizontal=&#8221;align_center&#8221; gutter_size=&#8221;3&#8243; override_padding=&#8221;yes&#8221; column_padding=&#8221;3&#8243; overlay_alpha=&#8221;50&#8243; shift_x=&#8221;0&#8243; shift_y=&#8221;0&#8243; shift_y_down=&#8221;0&#8243; z_index=&#8221;0&#8243; medium_width=&#8221;0&#8243; mobile_width=&#8221;0&#8243; width=&#8221;1\/1&#8243; uncode_shortcode_id=&#8221;133113&#8243; column_width_pixel=&#8221;800&#8243;][vc_custom_heading heading_semantic=&#8221;p&#8221; text_font=&#8221;font-titres&#8221; text_size=&#8221;fontsize-21px&#8221; text_weight=&#8221;400&#8243; uncode_shortcode_id=&#8221;603621&#8243;]Combining the best that tradition has to offer with rigorous quality standards and acknowledgement of new consumer habits, they provide you with day to day solutions to suit every taste and desire. [\/vc_custom_heading][\/vc_column_inner][\/vc_row_inner][vc_row_inner row_inner_height_percent=&#8221;0&#8243; overlay_alpha=&#8221;50&#8243; gutter_size=&#8221;3&#8243; shift_y=&#8221;0&#8243; z_index=&#8221;0&#8243; uncode_shortcode_id=&#8221;449590&#8243; el_class=&#8221;box-marques&#8221; limit_content=&#8221;&#8221;][vc_column_inner column_width_percent=&#8221;100&#8243; gutter_size=&#8221;3&#8243; back_image=&#8221;291&#8243; back_repeat=&#8221;no-repeat&#8221; back_position=&#8221;center center&#8221; overlay_color=&#8221;color-21252A&#8221; overlay_alpha=&#8221;50&#8243; shift_x=&#8221;0&#8243; shift_y=&#8221;-5&#8243; shift_y_fixed=&#8221;yes&#8221; shift_y_down=&#8221;0&#8243; z_index=&#8221;0&#8243; medium_width=&#8221;0&#8243; mobile_width=&#8221;0&#8243; width=&#8221;1\/3&#8243; uncode_shortcode_id=&#8221;338113&#8243; back_size=&#8221;cover&#8221; overlay_color_type=&#8221;uncode-palette&#8221;][vc_icon icon_image=&#8221;513&#8243; media_size=&#8221;296&#8243; heading_semantic=&#8221;div&#8221; uncode_shortcode_id=&#8221;167570&#8243; link=&#8221;url:https%3A%2F%2Fpauletlouise.com%2F|target:_blank&#8221; link_text=&#8221;See website Paul &amp; Louise&#8221;]Professional cooks, lovers of good products and crazy spices from around the world, these two adventurers of taste are true hunters of flavours! Paul &amp; Louise offers you a complete range of ready-made meals in different formats: in boxes, trays and bags for cereals and ready-made vegetables. [\/vc_icon][\/vc_column_inner][vc_column_inner column_width_percent=&#8221;100&#8243; gutter_size=&#8221;3&#8243; back_image=&#8221;520&#8243; back_repeat=&#8221;no-repeat&#8221; back_position=&#8221;center center&#8221; overlay_color=&#8221;color-21252A&#8221; overlay_alpha=&#8221;50&#8243; shift_x=&#8221;0&#8243; shift_y=&#8221;-5&#8243; shift_y_fixed=&#8221;yes&#8221; shift_y_down=&#8221;0&#8243; z_index=&#8221;0&#8243; medium_width=&#8221;0&#8243; mobile_width=&#8221;0&#8243; width=&#8221;1\/3&#8243; uncode_shortcode_id=&#8221;209452&#8243; back_size=&#8221;cover&#8221; overlay_color_type=&#8221;uncode-palette&#8221;][vc_icon icon_image=&#8221;511&#8243; media_size=&#8221;296&#8243; heading_semantic=&#8221;div&#8221; uncode_shortcode_id=&#8221;156682&#8243; link=&#8221;url:https%3A%2F%2Fwww.hereford-meat.com%2F|target:_blank&#8221; link_text=&#8221;See website Hereford&#8221;]Historical French leader in corned beef, Hereford invites you to rediscover this legendary product and add a touch of originality to your kitchen.[\/vc_icon][\/vc_column_inner][vc_column_inner column_width_percent=&#8221;100&#8243; gutter_size=&#8221;3&#8243; back_image=&#8221;516&#8243; back_repeat=&#8221;no-repeat&#8221; back_position=&#8221;center center&#8221; overlay_color=&#8221;color-21252A&#8221; overlay_alpha=&#8221;50&#8243; shift_x=&#8221;0&#8243; shift_y=&#8221;-5&#8243; shift_y_fixed=&#8221;yes&#8221; shift_y_down=&#8221;0&#8243; z_index=&#8221;0&#8243; medium_width=&#8221;0&#8243; mobile_width=&#8221;0&#8243; width=&#8221;1\/3&#8243; uncode_shortcode_id=&#8221;303249&#8243; back_size=&#8221;cover&#8221; overlay_color_type=&#8221;uncode-palette&#8221;][vc_icon icon_image=&#8221;509&#8243; media_size=&#8221;296&#8243; heading_semantic=&#8221;div&#8221; uncode_shortcode_id=&#8221;159905&#8243; link=&#8221;url:https%3A%2F%2Fwww.avonetragobert.com%2F|target:_blank&#8221; link_text=&#8221;See website Avon &amp; Ragobert&#8221;]Established in Sologne for more than a hundred years, the AVON &amp; RAGOBERT brand is specialized in the development of game products. Recipes often inspired by traditional recipes but regularly renewed to satisfy today&#8217;s tastes.[\/vc_icon][\/vc_column_inner][\/vc_row_inner][\/vc_column][\/vc_row][vc_row unlock_row_content=&#8221;yes&#8221; row_height_percent=&#8221;0&#8243; override_padding=&#8221;yes&#8221; h_padding=&#8221;0&#8243; top_padding=&#8221;2&#8243; bottom_padding=&#8221;3&#8243; overlay_alpha=&#8221;50&#8243; gutter_size=&#8221;3&#8243; column_width_percent=&#8221;100&#8243; shift_y=&#8221;0&#8243; z_index=&#8221;0&#8243; uncode_shortcode_id=&#8221;171747&#8243; el_class=&#8221;all-marques&#8221; shape_dividers=&#8221;&#8221;][vc_column column_width_use_pixel=&#8221;yes&#8221; position_vertical=&#8221;middle&#8221; gutter_size=&#8221;3&#8243; override_padding=&#8221;yes&#8221; column_padding=&#8221;2&#8243; overlay_alpha=&#8221;50&#8243; shift_x=&#8221;0&#8243; shift_y=&#8221;0&#8243; shift_y_down=&#8221;0&#8243; z_index=&#8221;1&#8243; medium_width=&#8221;0&#8243; mobile_width=&#8221;0&#8243; width=&#8221;1\/1&#8243; uncode_shortcode_id=&#8221;190571&#8243; column_width_pixel=&#8221;1600&#8243;][vc_gallery el_id=&#8221;gallery-85457&#8243; isotope_mode=&#8221;fitRows&#8221; medias=&#8221;1195,1197,1199,1201,1203&#8243; gutter_size=&#8221;3&#8243; media_items=&#8221;media|nolink|original&#8221; screen_lg=&#8221;1100&#8243; screen_md=&#8221;600&#8243; screen_sm=&#8221;&#8221; single_width=&#8221;2&#8243; single_overlay_opacity=&#8221;50&#8243; single_overlay_anim=&#8221;no&#8221; single_text_anim=&#8221;no&#8221; single_image_anim=&#8221;no&#8221; single_padding=&#8221;2&#8243; single_border=&#8221;yes&#8221; uncode_shortcode_id=&#8221;143991&#8243;][\/vc_column][\/vc_row]<\/p>\n<\/div>","protected":false},"excerpt":{"rendered":"<p>[vc_row unlock_row_content=&#8221;yes&#8221; row_height_percent=&#8221;0&#8243; override_padding=&#8221;yes&#8221; h_padding=&#8221;0&#8243; top_padding=&#8221;0&#8243; bottom_padding=&#8221;0&#8243; overlay_alpha=&#8221;50&#8243; equal_height=&#8221;yes&#8221; gutter_size=&#8221;0&#8243; column_width_percent=&#8221;100&#8243; shift_y=&#8221;0&#8243; z_index=&#8221;0&#8243; uncode_shortcode_id=&#8221;721814&#8243; el_class=&#8221;bandeau-page&#8221; row_height_pixel=&#8221;500&#8243;][vc_column column_width_percent=&#8221;100&#8243; position_horizontal=&#8221;right&#8221; position_vertical=&#8221;middle&#8221; align_horizontal=&#8221;align_right&#8221; [&hellip;]<\/p>\n","protected":false},"author":1,"featured_media":0,"parent":0,"menu_order":0,"comment_status":"closed","ping_status":"closed","template":"","meta":{"_acf_changed":false,"footnotes":""},"class_list":["post-946","page","type-page","status-publish","hentry"],"acf":[],"yoast_head":"<!-- This site is optimized with the Yoast SEO plugin v27.3 - https:\/\/yoast.com\/product\/yoast-seo-wordpress\/ -->\n<title>Our brands | Groupe COVI<\/title>\n<meta name=\"description\" content=\"Fruits de l\u2019histoire de la soci\u00e9t\u00e9, nos marques propres (Paul &amp; Louise, Hereford, Avon &amp; Ragobert...) proposent des gammes vari\u00e9es et savoureuses.\" \/>\n<meta name=\"robots\" content=\"index, follow, max-snippet:-1, max-image-preview:large, max-video-preview:-1\" \/>\n<link rel=\"canonical\" href=\"https:\/\/www.covi.com\/en\/our-brands\/\" \/>\n<meta property=\"og:locale\" content=\"en_US\" \/>\n<meta property=\"og:type\" content=\"article\" \/>\n<meta property=\"og:title\" content=\"Our brands | Groupe COVI\" \/>\n<meta property=\"og:description\" content=\"Fruits de l\u2019histoire de la soci\u00e9t\u00e9, nos marques propres (Paul &amp; Louise, Hereford, Avon &amp; Ragobert...) proposent des gammes vari\u00e9es et savoureuses.\" \/>\n<meta property=\"og:url\" content=\"https:\/\/www.covi.com\/en\/our-brands\/\" \/>\n<meta property=\"og:site_name\" content=\"Groupe COVI\" \/>\n<meta property=\"article:modified_time\" content=\"2022-06-24T16:37:42+00:00\" \/>\n<meta name=\"twitter:card\" content=\"summary_large_image\" \/>\n<meta name=\"twitter:label1\" content=\"Est. reading time\" \/>\n\t<meta name=\"twitter:data1\" content=\"3 minutes\" \/>\n<script type=\"application\/ld+json\" class=\"yoast-schema-graph\">{\"@context\":\"https:\\\/\\\/schema.org\",\"@graph\":[{\"@type\":\"WebPage\",\"@id\":\"https:\\\/\\\/www.covi.com\\\/en\\\/our-brands\\\/\",\"url\":\"https:\\\/\\\/www.covi.com\\\/en\\\/our-brands\\\/\",\"name\":\"Our brands | Groupe COVI\",\"isPartOf\":{\"@id\":\"https:\\\/\\\/www.covi.com\\\/en\\\/#website\"},\"datePublished\":\"2022-06-10T12:14:49+00:00\",\"dateModified\":\"2022-06-24T16:37:42+00:00\",\"description\":\"Fruits de l\u2019histoire de la soci\u00e9t\u00e9, nos marques propres (Paul & Louise, Hereford, Avon & Ragobert...) proposent des gammes vari\u00e9es et savoureuses.\",\"breadcrumb\":{\"@id\":\"https:\\\/\\\/www.covi.com\\\/en\\\/our-brands\\\/#breadcrumb\"},\"inLanguage\":\"en-US\",\"potentialAction\":[{\"@type\":\"ReadAction\",\"target\":[\"https:\\\/\\\/www.covi.com\\\/en\\\/our-brands\\\/\"]}]},{\"@type\":\"BreadcrumbList\",\"@id\":\"https:\\\/\\\/www.covi.com\\\/en\\\/our-brands\\\/#breadcrumb\",\"itemListElement\":[{\"@type\":\"ListItem\",\"position\":1,\"name\":\"\",\"item\":\"https:\\\/\\\/www.covi.com\\\/en\\\/\"},{\"@type\":\"ListItem\",\"position\":2,\"name\":\"Our brands\"}]},{\"@type\":\"WebSite\",\"@id\":\"https:\\\/\\\/www.covi.com\\\/en\\\/#website\",\"url\":\"https:\\\/\\\/www.covi.com\\\/en\\\/\",\"name\":\"Groupe COVI\",\"description\":\"Expert de l&#039;appertis\u00e9 depuis 1967\",\"publisher\":{\"@id\":\"https:\\\/\\\/www.covi.com\\\/en\\\/#organization\"},\"potentialAction\":[{\"@type\":\"SearchAction\",\"target\":{\"@type\":\"EntryPoint\",\"urlTemplate\":\"https:\\\/\\\/www.covi.com\\\/en\\\/?s={search_term_string}\"},\"query-input\":{\"@type\":\"PropertyValueSpecification\",\"valueRequired\":true,\"valueName\":\"search_term_string\"}}],\"inLanguage\":\"en-US\"},{\"@type\":\"Organization\",\"@id\":\"https:\\\/\\\/www.covi.com\\\/en\\\/#organization\",\"name\":\"Groupe COVI\",\"url\":\"https:\\\/\\\/www.covi.com\\\/en\\\/\",\"logo\":{\"@type\":\"ImageObject\",\"inLanguage\":\"en-US\",\"@id\":\"https:\\\/\\\/www.covi.com\\\/en\\\/#\\\/schema\\\/logo\\\/image\\\/\",\"url\":\"https:\\\/\\\/www.covi.com\\\/wp-content\\\/uploads\\\/2022\\\/05\\\/logo-covi-groupe.svg\",\"contentUrl\":\"https:\\\/\\\/www.covi.com\\\/wp-content\\\/uploads\\\/2022\\\/05\\\/logo-covi-groupe.svg\",\"width\":\"1\",\"height\":\"1\",\"caption\":\"Groupe COVI\"},\"image\":{\"@id\":\"https:\\\/\\\/www.covi.com\\\/en\\\/#\\\/schema\\\/logo\\\/image\\\/\"}}]}<\/script>\n<!-- \/ Yoast SEO plugin. -->","yoast_head_json":{"title":"Our brands | Groupe COVI","description":"Fruits de l\u2019histoire de la soci\u00e9t\u00e9, nos marques propres (Paul & Louise, Hereford, Avon & Ragobert...) proposent des gammes vari\u00e9es et savoureuses.","robots":{"index":"index","follow":"follow","max-snippet":"max-snippet:-1","max-image-preview":"max-image-preview:large","max-video-preview":"max-video-preview:-1"},"canonical":"https:\/\/www.covi.com\/en\/our-brands\/","og_locale":"en_US","og_type":"article","og_title":"Our brands | Groupe COVI","og_description":"Fruits de l\u2019histoire de la soci\u00e9t\u00e9, nos marques propres (Paul & Louise, Hereford, Avon & Ragobert...) proposent des gammes vari\u00e9es et savoureuses.","og_url":"https:\/\/www.covi.com\/en\/our-brands\/","og_site_name":"Groupe COVI","article_modified_time":"2022-06-24T16:37:42+00:00","twitter_card":"summary_large_image","twitter_misc":{"Est. reading time":"3 minutes"},"schema":{"@context":"https:\/\/schema.org","@graph":[{"@type":"WebPage","@id":"https:\/\/www.covi.com\/en\/our-brands\/","url":"https:\/\/www.covi.com\/en\/our-brands\/","name":"Our brands | Groupe COVI","isPartOf":{"@id":"https:\/\/www.covi.com\/en\/#website"},"datePublished":"2022-06-10T12:14:49+00:00","dateModified":"2022-06-24T16:37:42+00:00","description":"Fruits de l\u2019histoire de la soci\u00e9t\u00e9, nos marques propres (Paul & Louise, Hereford, Avon & Ragobert...) proposent des gammes vari\u00e9es et savoureuses.","breadcrumb":{"@id":"https:\/\/www.covi.com\/en\/our-brands\/#breadcrumb"},"inLanguage":"en-US","potentialAction":[{"@type":"ReadAction","target":["https:\/\/www.covi.com\/en\/our-brands\/"]}]},{"@type":"BreadcrumbList","@id":"https:\/\/www.covi.com\/en\/our-brands\/#breadcrumb","itemListElement":[{"@type":"ListItem","position":1,"name":"","item":"https:\/\/www.covi.com\/en\/"},{"@type":"ListItem","position":2,"name":"Our brands"}]},{"@type":"WebSite","@id":"https:\/\/www.covi.com\/en\/#website","url":"https:\/\/www.covi.com\/en\/","name":"Groupe COVI","description":"Expert de l&#039;appertis\u00e9 depuis 1967","publisher":{"@id":"https:\/\/www.covi.com\/en\/#organization"},"potentialAction":[{"@type":"SearchAction","target":{"@type":"EntryPoint","urlTemplate":"https:\/\/www.covi.com\/en\/?s={search_term_string}"},"query-input":{"@type":"PropertyValueSpecification","valueRequired":true,"valueName":"search_term_string"}}],"inLanguage":"en-US"},{"@type":"Organization","@id":"https:\/\/www.covi.com\/en\/#organization","name":"Groupe COVI","url":"https:\/\/www.covi.com\/en\/","logo":{"@type":"ImageObject","inLanguage":"en-US","@id":"https:\/\/www.covi.com\/en\/#\/schema\/logo\/image\/","url":"https:\/\/www.covi.com\/wp-content\/uploads\/2022\/05\/logo-covi-groupe.svg","contentUrl":"https:\/\/www.covi.com\/wp-content\/uploads\/2022\/05\/logo-covi-groupe.svg","width":"1","height":"1","caption":"Groupe COVI"},"image":{"@id":"https:\/\/www.covi.com\/en\/#\/schema\/logo\/image\/"}}]}},"_links":{"self":[{"href":"https:\/\/www.covi.com\/en\/wp-json\/wp\/v2\/pages\/946","targetHints":{"allow":["GET"]}}],"collection":[{"href":"https:\/\/www.covi.com\/en\/wp-json\/wp\/v2\/pages"}],"about":[{"href":"https:\/\/www.covi.com\/en\/wp-json\/wp\/v2\/types\/page"}],"author":[{"embeddable":true,"href":"https:\/\/www.covi.com\/en\/wp-json\/wp\/v2\/users\/1"}],"replies":[{"embeddable":true,"href":"https:\/\/www.covi.com\/en\/wp-json\/wp\/v2\/comments?post=946"}],"version-history":[{"count":5,"href":"https:\/\/www.covi.com\/en\/wp-json\/wp\/v2\/pages\/946\/revisions"}],"predecessor-version":[{"id":1206,"href":"https:\/\/www.covi.com\/en\/wp-json\/wp\/v2\/pages\/946\/revisions\/1206"}],"wp:attachment":[{"href":"https:\/\/www.covi.com\/en\/wp-json\/wp\/v2\/media?parent=946"}],"curies":[{"name":"wp","href":"https:\/\/api.w.org\/{rel}","templated":true}]}}