{"id":924,"date":"2022-06-15T15:26:41","date_gmt":"2022-06-15T13:26:41","guid":{"rendered":"https:\/\/www.covi.com\/legal-notice\/"},"modified":"2022-06-20T15:42:43","modified_gmt":"2022-06-20T13:42:43","slug":"legal-notice","status":"publish","type":"page","link":"https:\/\/www.covi.com\/en\/legal-notice\/","title":{"rendered":"Legal notice"},"content":{"rendered":"<div class=\"wpb-content-wrapper\"><p>[vc_row unlock_row_content=&#8221;yes&#8221; row_height_percent=&#8221;0&#8243; override_padding=&#8221;yes&#8221; h_padding=&#8221;0&#8243; top_padding=&#8221;0&#8243; bottom_padding=&#8221;0&#8243; overlay_alpha=&#8221;50&#8243; equal_height=&#8221;yes&#8221; gutter_size=&#8221;0&#8243; column_width_percent=&#8221;100&#8243; shift_y=&#8221;0&#8243; z_index=&#8221;0&#8243; uncode_shortcode_id=&#8221;721814&#8243; el_class=&#8221;bandeau-page&#8221; row_height_pixel=&#8221;500&#8243;][vc_column column_width_percent=&#8221;100&#8243; position_horizontal=&#8221;right&#8221; position_vertical=&#8221;middle&#8221; align_horizontal=&#8221;align_right&#8221; gutter_size=&#8221;3&#8243; style=&#8221;dark&#8221; back_image=&#8221;80&#8243; back_repeat=&#8221;no-repeat&#8221; back_position=&#8221;center center&#8221; overlay_color=&#8221;color-21252A&#8221; overlay_alpha=&#8221;90&#8243; shift_x=&#8221;0&#8243; shift_y=&#8221;0&#8243; shift_y_down=&#8221;0&#8243; z_index=&#8221;0&#8243; medium_width=&#8221;0&#8243; mobile_width=&#8221;0&#8243; width=&#8221;1\/2&#8243; uncode_shortcode_id=&#8221;531130&#8243; overlay_color_type=&#8221;uncode-palette&#8221; back_size=&#8221;cover&#8221;][vc_custom_heading heading_semantic=&#8221;h1&#8243; text_transform=&#8221;uppercase&#8221; text_height=&#8221;fontheight-1-3&#8243; uncode_shortcode_id=&#8221;892308&#8243; el_class=&#8221;titre-contour titre-metal&#8221;]<em>COVI Group<\/em><br \/>\n<strong>Legal notice<\/strong>[\/vc_custom_heading][\/vc_column][vc_column column_width_use_pixel=&#8221;yes&#8221; position_horizontal=&#8221;left&#8221; position_vertical=&#8221;middle&#8221; gutter_size=&#8221;3&#8243; override_padding=&#8221;yes&#8221; column_padding=&#8221;3&#8243; back_image=&#8221;78&#8243; back_repeat=&#8221;no-repeat&#8221; back_position=&#8221;center center&#8221; overlay_alpha=&#8221;100&#8243; shift_x=&#8221;0&#8243; shift_y=&#8221;0&#8243; shift_y_down=&#8221;0&#8243; z_index=&#8221;0&#8243; medium_width=&#8221;0&#8243; mobile_width=&#8221;0&#8243; width=&#8221;1\/2&#8243; uncode_shortcode_id=&#8221;832172&#8243; back_size=&#8221;cover&#8221; overlay_color_type=&#8221;uncode-gradient&#8221; overlay_color_gradient=&#8221;{&#8220;css&#8220;:&#8220;background: linear-gradient(to right , rgba(255, 255, 255, 0.8) , rgba(255, 255, 255, 0.4) 94%);&#8220;,&#8220;sliders&#8220;:`{`{&#8220;color&#8220;:&#8220;rgba(255, 255, 255, 0.8)&#8220;,&#8220;position&#8220;:0},{&#8220;color&#8220;:&#8220;rgba(255, 255, 255, 0.4)&#8220;,&#8220;position&#8220;:94}`}`,&#8220;type&#8220;:&#8220;linear&#8220;,&#8220;direction&#8220;:&#8220;left&#8220;}&#8221; column_width_pixel=&#8221;500&#8243;][vc_column_text uncode_shortcode_id=&#8221;538152&#8243;]<\/p>\n<h2>covi.com est \u00e9dit\u00e9 par la soci\u00e9t\u00e9 :<\/h2>\n<p>COVI SAS<br \/>\nSAS au Capital social de 3 487 805 \u20ac<br \/>\n85 Boulevard du Mar\u00e9chal Foch, 79300 Bressuire, FRANCE<br \/>\nDirecteur de la publication : M. Patrice Bourigault<br \/>\nRCS : 391 892 171 Niort<br \/>\nTVA Intracommunautaire : FR 53 391 892 171<br \/>\nN\u00b0 t\u00e9l\u00e9phone : <a href=\"tel:+33549740377\">05 49 74 03 77<\/a><br \/>\nE-mail : <a href=\"&#109;&#x61;&#x69;l&#116;&#x6f;:&#99;&#x6f;n&#116;&#x61;c&#116;&#x40;&#x63;&#111;&#x76;&#x69;&#46;&#99;&#x6f;m\">&#99;o&#110;t&#97;c&#x74;&#64;&#x63;o&#x76;i&#x2e;c&#x6f;m<\/a>[\/vc_column_text][\/vc_column][\/vc_row][vc_row row_height_percent=&#8221;0&#8243; override_padding=&#8221;yes&#8221; h_padding=&#8221;0&#8243; top_padding=&#8221;3&#8243; bottom_padding=&#8221;3&#8243; back_image=&#8221;206&#8243; back_repeat=&#8221;no-repeat&#8221; back_position=&#8221;left center&#8221; parallax=&#8221;yes&#8221; overlay_alpha=&#8221;50&#8243; gutter_size=&#8221;3&#8243; column_width_percent=&#8221;100&#8243; shift_y=&#8221;0&#8243; z_index=&#8221;0&#8243; uncode_shortcode_id=&#8221;840862&#8243; back_size=&#8221;auto&#8221; el_class=&#8221;fleche-parallax row-pres&#8221;][vc_column column_width_percent=&#8221;100&#8243; position_vertical=&#8221;middle&#8221; gutter_size=&#8221;3&#8243; override_padding=&#8221;yes&#8221; column_padding=&#8221;2&#8243; overlay_alpha=&#8221;50&#8243; shift_x=&#8221;0&#8243; shift_y=&#8221;0&#8243; shift_y_down=&#8221;0&#8243; z_index=&#8221;1&#8243; medium_width=&#8221;0&#8243; mobile_width=&#8221;0&#8243; width=&#8221;1\/1&#8243; uncode_shortcode_id=&#8221;595412&#8243;][vc_row_inner][vc_column_inner width=&#8221;1\/2&#8243;][vc_column_text uncode_shortcode_id=&#8221;145311&#8243;]<\/p>\n<h2>Le site covi.com est h\u00e9berg\u00e9 par :<\/h2>\n<p>OVH<br \/>\n2 rue kellermann<br \/>\nBP 80157<br \/>\n59053 ROUBAIX Cedex 1<br \/>\nT\u00e9l\u00e9phone :+33 (0)8 203 203 63<br \/>\nE-mail : support&#64;&#111;&#118;&#104;&#46;&#99;&#111;&#109;<\/p>\n<p>[\/vc_column_text][\/vc_column_inner][vc_column_inner width=&#8221;1\/2&#8243;][vc_column_text uncode_shortcode_id=&#8221;141559&#8243;]<\/p>\n<h2>Le site covi.com a \u00e9t\u00e9 r\u00e9alis\u00e9 par :<\/h2>\n<p>Agence web Enjin<br \/>\nE-mail : <a href=\"&#x6d;&#x61;&#105;lt&#x6f;&#x3a;&#99;&#111;n&#x74;&#x61;&#99;&#116;&#64;&#x65;&#x6e;&#x6a;&#105;n&#46;&#x66;&#x72;\">&#x63;&#x6f;&#x6e;&#x74;&#97;&#99;t&#64;e&#x6e;&#x6a;&#x69;&#x6e;&#46;&#102;r<\/a><br \/>\nSite internet : <a href=\"https:\/\/www.enjin.fr\">www.enjin.fr<\/a>[\/vc_column_text][\/vc_column_inner][\/vc_row_inner][vc_row_inner][vc_column_inner width=&#8221;1\/1&#8243;][vc_column_text uncode_shortcode_id=&#8221;579294&#8243;]<\/p>\n<h2>Propri\u00e9t\u00e9s intellectuelles<\/h2>\n<p>Les contenus du site covi.com (structure, design, textes, images, animations, logo) sont la propri\u00e9t\u00e9 exclusive de la soci\u00e9t\u00e9 COVI. Toute utilisation d\u2019\u00e9l\u00e9ments du site covi.com y compris la reproduction, la modification, la diffusion ou la republication, sans l\u2019autorisation \u00e9crite pr\u00e9alable de la soci\u00e9t\u00e9 COVI est strictement interdite. Toute demande d\u2019autorisation de reproduction totale ou partielle de ce site doit \u00eatre adress\u00e9e \u00e0 &#99;&#x6f;&#110;&#x74;&#97;&#x63;&#116;&#x40;&#99;&#x6f;&#118;&#x69;&#46;&#x63;&#111;&#x6d;.<\/p>\n<h2>Limitation de responsabilit\u00e9<\/h2>\n<p>Le site covi.com ne saurait \u00eatre tenu pour responsable des erreurs rencontr\u00e9es sur le site, probl\u00e8mes techniques, interpr\u00e9tation des informations publi\u00e9es et cons\u00e9quences de leur utilisation. En cons\u00e9quence, l\u2019utilisateur reconna\u00eet utiliser ces informations sous sa responsabilit\u00e9 exclusive.[\/vc_column_text][\/vc_column_inner][\/vc_row_inner][vc_row_inner][vc_column_inner column_width_percent=&#8221;100&#8243; align_horizontal=&#8221;align_center&#8221; gutter_size=&#8221;3&#8243; overlay_alpha=&#8221;50&#8243; shift_x=&#8221;0&#8243; shift_y=&#8221;0&#8243; shift_y_down=&#8221;0&#8243; z_index=&#8221;0&#8243; medium_width=&#8221;0&#8243; mobile_width=&#8221;0&#8243; width=&#8221;1\/1&#8243; uncode_shortcode_id=&#8221;127699&#8243;][vc_button border_width=&#8221;0&#8243; uncode_shortcode_id=&#8221;402714&#8243; link=&#8221;url:https%3A%2F%2Fwww.covi.com%2Fen%2Fprivacy-statement-uk%2F|title:D%C3%A9claration%20de%20confidentialit%C3%A9%20%28UE%29|&#8221;]Privacy statement[\/vc_button][\/vc_column_inner][\/vc_row_inner][\/vc_column][\/vc_row]<\/p>\n<\/div>","protected":false},"excerpt":{"rendered":"<p>[vc_row unlock_row_content=&#8221;yes&#8221; row_height_percent=&#8221;0&#8243; override_padding=&#8221;yes&#8221; h_padding=&#8221;0&#8243; top_padding=&#8221;0&#8243; bottom_padding=&#8221;0&#8243; overlay_alpha=&#8221;50&#8243; equal_height=&#8221;yes&#8221; gutter_size=&#8221;0&#8243; column_width_percent=&#8221;100&#8243; shift_y=&#8221;0&#8243; z_index=&#8221;0&#8243; uncode_shortcode_id=&#8221;721814&#8243; el_class=&#8221;bandeau-page&#8221; row_height_pixel=&#8221;500&#8243;][vc_column column_width_percent=&#8221;100&#8243; position_horizontal=&#8221;right&#8221; position_vertical=&#8221;middle&#8221; align_horizontal=&#8221;align_right&#8221; [&hellip;]<\/p>\n","protected":false},"author":1,"featured_media":0,"parent":0,"menu_order":0,"comment_status":"closed","ping_status":"closed","template":"","meta":{"_acf_changed":false,"footnotes":""},"class_list":["post-924","page","type-page","status-publish","hentry"],"acf":[],"yoast_head":"<!-- This site is optimized with the Yoast SEO plugin v27.3 - https:\/\/yoast.com\/product\/yoast-seo-wordpress\/ -->\n<title>Legal notice | Groupe COVI<\/title>\n<meta name=\"robots\" content=\"index, follow, max-snippet:-1, max-image-preview:large, max-video-preview:-1\" \/>\n<link rel=\"canonical\" href=\"https:\/\/www.covi.com\/en\/legal-notice\/\" \/>\n<meta property=\"og:locale\" content=\"en_US\" \/>\n<meta property=\"og:type\" content=\"article\" \/>\n<meta property=\"og:title\" content=\"Legal notice | Groupe COVI\" \/>\n<meta property=\"og:description\" content=\"[vc_row unlock_row_content=&#8221;yes&#8221; row_height_percent=&#8221;0&#8243; override_padding=&#8221;yes&#8221; h_padding=&#8221;0&#8243; top_padding=&#8221;0&#8243; bottom_padding=&#8221;0&#8243; overlay_alpha=&#8221;50&#8243; equal_height=&#8221;yes&#8221; gutter_size=&#8221;0&#8243; column_width_percent=&#8221;100&#8243; shift_y=&#8221;0&#8243; z_index=&#8221;0&#8243; uncode_shortcode_id=&#8221;721814&#8243; el_class=&#8221;bandeau-page&#8221; row_height_pixel=&#8221;500&#8243;][vc_column column_width_percent=&#8221;100&#8243; position_horizontal=&#8221;right&#8221; position_vertical=&#8221;middle&#8221; align_horizontal=&#8221;align_right&#8221; [&hellip;]\" \/>\n<meta property=\"og:url\" content=\"https:\/\/www.covi.com\/en\/legal-notice\/\" \/>\n<meta property=\"og:site_name\" content=\"Groupe COVI\" \/>\n<meta property=\"article:modified_time\" content=\"2022-06-20T13:42:43+00:00\" \/>\n<meta name=\"twitter:card\" content=\"summary_large_image\" \/>\n<meta name=\"twitter:label1\" content=\"Est. reading time\" \/>\n\t<meta name=\"twitter:data1\" content=\"3 minutes\" \/>\n<script type=\"application\/ld+json\" class=\"yoast-schema-graph\">{\"@context\":\"https:\\\/\\\/schema.org\",\"@graph\":[{\"@type\":\"WebPage\",\"@id\":\"https:\\\/\\\/www.covi.com\\\/en\\\/legal-notice\\\/\",\"url\":\"https:\\\/\\\/www.covi.com\\\/en\\\/legal-notice\\\/\",\"name\":\"Legal notice | Groupe COVI\",\"isPartOf\":{\"@id\":\"https:\\\/\\\/www.covi.com\\\/en\\\/#website\"},\"datePublished\":\"2022-06-15T13:26:41+00:00\",\"dateModified\":\"2022-06-20T13:42:43+00:00\",\"breadcrumb\":{\"@id\":\"https:\\\/\\\/www.covi.com\\\/en\\\/legal-notice\\\/#breadcrumb\"},\"inLanguage\":\"en-US\",\"potentialAction\":[{\"@type\":\"ReadAction\",\"target\":[\"https:\\\/\\\/www.covi.com\\\/en\\\/legal-notice\\\/\"]}]},{\"@type\":\"BreadcrumbList\",\"@id\":\"https:\\\/\\\/www.covi.com\\\/en\\\/legal-notice\\\/#breadcrumb\",\"itemListElement\":[{\"@type\":\"ListItem\",\"position\":1,\"name\":\"\",\"item\":\"https:\\\/\\\/www.covi.com\\\/en\\\/\"},{\"@type\":\"ListItem\",\"position\":2,\"name\":\"Legal notice\"}]},{\"@type\":\"WebSite\",\"@id\":\"https:\\\/\\\/www.covi.com\\\/en\\\/#website\",\"url\":\"https:\\\/\\\/www.covi.com\\\/en\\\/\",\"name\":\"Groupe COVI\",\"description\":\"Expert de l&#039;appertis\u00e9 depuis 1967\",\"publisher\":{\"@id\":\"https:\\\/\\\/www.covi.com\\\/en\\\/#organization\"},\"potentialAction\":[{\"@type\":\"SearchAction\",\"target\":{\"@type\":\"EntryPoint\",\"urlTemplate\":\"https:\\\/\\\/www.covi.com\\\/en\\\/?s={search_term_string}\"},\"query-input\":{\"@type\":\"PropertyValueSpecification\",\"valueRequired\":true,\"valueName\":\"search_term_string\"}}],\"inLanguage\":\"en-US\"},{\"@type\":\"Organization\",\"@id\":\"https:\\\/\\\/www.covi.com\\\/en\\\/#organization\",\"name\":\"Groupe COVI\",\"url\":\"https:\\\/\\\/www.covi.com\\\/en\\\/\",\"logo\":{\"@type\":\"ImageObject\",\"inLanguage\":\"en-US\",\"@id\":\"https:\\\/\\\/www.covi.com\\\/en\\\/#\\\/schema\\\/logo\\\/image\\\/\",\"url\":\"https:\\\/\\\/www.covi.com\\\/wp-content\\\/uploads\\\/2022\\\/05\\\/logo-covi-groupe.svg\",\"contentUrl\":\"https:\\\/\\\/www.covi.com\\\/wp-content\\\/uploads\\\/2022\\\/05\\\/logo-covi-groupe.svg\",\"width\":\"1\",\"height\":\"1\",\"caption\":\"Groupe COVI\"},\"image\":{\"@id\":\"https:\\\/\\\/www.covi.com\\\/en\\\/#\\\/schema\\\/logo\\\/image\\\/\"}}]}<\/script>\n<!-- \/ Yoast SEO plugin. -->","yoast_head_json":{"title":"Legal notice | Groupe COVI","robots":{"index":"index","follow":"follow","max-snippet":"max-snippet:-1","max-image-preview":"max-image-preview:large","max-video-preview":"max-video-preview:-1"},"canonical":"https:\/\/www.covi.com\/en\/legal-notice\/","og_locale":"en_US","og_type":"article","og_title":"Legal notice | Groupe COVI","og_description":"[vc_row unlock_row_content=&#8221;yes&#8221; row_height_percent=&#8221;0&#8243; override_padding=&#8221;yes&#8221; h_padding=&#8221;0&#8243; top_padding=&#8221;0&#8243; bottom_padding=&#8221;0&#8243; overlay_alpha=&#8221;50&#8243; equal_height=&#8221;yes&#8221; gutter_size=&#8221;0&#8243; column_width_percent=&#8221;100&#8243; shift_y=&#8221;0&#8243; z_index=&#8221;0&#8243; uncode_shortcode_id=&#8221;721814&#8243; el_class=&#8221;bandeau-page&#8221; row_height_pixel=&#8221;500&#8243;][vc_column column_width_percent=&#8221;100&#8243; position_horizontal=&#8221;right&#8221; position_vertical=&#8221;middle&#8221; align_horizontal=&#8221;align_right&#8221; [&hellip;]","og_url":"https:\/\/www.covi.com\/en\/legal-notice\/","og_site_name":"Groupe COVI","article_modified_time":"2022-06-20T13:42:43+00:00","twitter_card":"summary_large_image","twitter_misc":{"Est. reading time":"3 minutes"},"schema":{"@context":"https:\/\/schema.org","@graph":[{"@type":"WebPage","@id":"https:\/\/www.covi.com\/en\/legal-notice\/","url":"https:\/\/www.covi.com\/en\/legal-notice\/","name":"Legal notice | Groupe COVI","isPartOf":{"@id":"https:\/\/www.covi.com\/en\/#website"},"datePublished":"2022-06-15T13:26:41+00:00","dateModified":"2022-06-20T13:42:43+00:00","breadcrumb":{"@id":"https:\/\/www.covi.com\/en\/legal-notice\/#breadcrumb"},"inLanguage":"en-US","potentialAction":[{"@type":"ReadAction","target":["https:\/\/www.covi.com\/en\/legal-notice\/"]}]},{"@type":"BreadcrumbList","@id":"https:\/\/www.covi.com\/en\/legal-notice\/#breadcrumb","itemListElement":[{"@type":"ListItem","position":1,"name":"","item":"https:\/\/www.covi.com\/en\/"},{"@type":"ListItem","position":2,"name":"Legal notice"}]},{"@type":"WebSite","@id":"https:\/\/www.covi.com\/en\/#website","url":"https:\/\/www.covi.com\/en\/","name":"Groupe COVI","description":"Expert de l&#039;appertis\u00e9 depuis 1967","publisher":{"@id":"https:\/\/www.covi.com\/en\/#organization"},"potentialAction":[{"@type":"SearchAction","target":{"@type":"EntryPoint","urlTemplate":"https:\/\/www.covi.com\/en\/?s={search_term_string}"},"query-input":{"@type":"PropertyValueSpecification","valueRequired":true,"valueName":"search_term_string"}}],"inLanguage":"en-US"},{"@type":"Organization","@id":"https:\/\/www.covi.com\/en\/#organization","name":"Groupe COVI","url":"https:\/\/www.covi.com\/en\/","logo":{"@type":"ImageObject","inLanguage":"en-US","@id":"https:\/\/www.covi.com\/en\/#\/schema\/logo\/image\/","url":"https:\/\/www.covi.com\/wp-content\/uploads\/2022\/05\/logo-covi-groupe.svg","contentUrl":"https:\/\/www.covi.com\/wp-content\/uploads\/2022\/05\/logo-covi-groupe.svg","width":"1","height":"1","caption":"Groupe COVI"},"image":{"@id":"https:\/\/www.covi.com\/en\/#\/schema\/logo\/image\/"}}]}},"_links":{"self":[{"href":"https:\/\/www.covi.com\/en\/wp-json\/wp\/v2\/pages\/924","targetHints":{"allow":["GET"]}}],"collection":[{"href":"https:\/\/www.covi.com\/en\/wp-json\/wp\/v2\/pages"}],"about":[{"href":"https:\/\/www.covi.com\/en\/wp-json\/wp\/v2\/types\/page"}],"author":[{"embeddable":true,"href":"https:\/\/www.covi.com\/en\/wp-json\/wp\/v2\/users\/1"}],"replies":[{"embeddable":true,"href":"https:\/\/www.covi.com\/en\/wp-json\/wp\/v2\/comments?post=924"}],"version-history":[{"count":2,"href":"https:\/\/www.covi.com\/en\/wp-json\/wp\/v2\/pages\/924\/revisions"}],"predecessor-version":[{"id":926,"href":"https:\/\/www.covi.com\/en\/wp-json\/wp\/v2\/pages\/924\/revisions\/926"}],"wp:attachment":[{"href":"https:\/\/www.covi.com\/en\/wp-json\/wp\/v2\/media?parent=924"}],"curies":[{"name":"wp","href":"https:\/\/api.w.org\/{rel}","templated":true}]}}